{"id":101,"date":"2016-04-14T17:20:01","date_gmt":"2016-04-14T16:20:01","guid":{"rendered":"http:\/\/www.eigonet.ch\/test\/?page_id=101"},"modified":"2020-02-20T20:10:53","modified_gmt":"2020-02-20T19:10:53","slug":"soutien","status":"publish","type":"page","link":"https:\/\/www.lesoptimistes.top\/index.php\/soutien\/","title":{"rendered":"Soutien"},"content":{"rendered":"<p>Nous remercions tous nos donateurs particuliers ou fondation qui nous permettent de r\u00e9aliser les r\u00eaves de ces enfants.<\/p>\n<p>Envie de nous soutenir:<\/p>\n<p>\u00ab Les Optimistes \u00bb<br \/>\nBanque Raiffeisen, R\u00e9gion Gen\u00e8ve Rh\u00f4ne, 1233 Bernex<br \/>\nIBAN : CH65 8080 8008 7074 6020 8<\/p>\n<p><strong>Merci pour les enfants<br \/>\n<\/strong><\/p>\n<p><strong>\u00a0<\/strong><\/p>\n","protected":false},"excerpt":{"rendered":"<p>Nous remercions tous nos donateurs particuliers ou fondation qui nous permettent de r\u00e9aliser les r\u00eaves de ces enfants. Envie de nous soutenir: \u00ab Les Optimistes&#8230;<\/p>\n","protected":false},"author":1,"featured_media":34,"parent":0,"menu_order":0,"comment_status":"closed","ping_status":"closed","template":"","meta":{"footnotes":""},"class_list":["post-101","page","type-page","status-publish","has-post-thumbnail","hentry"],"_links":{"self":[{"href":"https:\/\/www.lesoptimistes.top\/index.php\/wp-json\/wp\/v2\/pages\/101","targetHints":{"allow":["GET"]}}],"collection":[{"href":"https:\/\/www.lesoptimistes.top\/index.php\/wp-json\/wp\/v2\/pages"}],"about":[{"href":"https:\/\/www.lesoptimistes.top\/index.php\/wp-json\/wp\/v2\/types\/page"}],"author":[{"embeddable":true,"href":"https:\/\/www.lesoptimistes.top\/index.php\/wp-json\/wp\/v2\/users\/1"}],"replies":[{"embeddable":true,"href":"https:\/\/www.lesoptimistes.top\/index.php\/wp-json\/wp\/v2\/comments?post=101"}],"version-history":[{"count":1,"href":"https:\/\/www.lesoptimistes.top\/index.php\/wp-json\/wp\/v2\/pages\/101\/revisions"}],"predecessor-version":[{"id":284,"href":"https:\/\/www.lesoptimistes.top\/index.php\/wp-json\/wp\/v2\/pages\/101\/revisions\/284"}],"wp:featuredmedia":[{"embeddable":true,"href":"https:\/\/www.lesoptimistes.top\/index.php\/wp-json\/wp\/v2\/media\/34"}],"wp:attachment":[{"href":"https:\/\/www.lesoptimistes.top\/index.php\/wp-json\/wp\/v2\/media?parent=101"}],"curies":[{"name":"wp","href":"https:\/\/api.w.org\/{rel}","templated":true}]}}