{"id":112,"date":"2016-04-14T17:45:32","date_gmt":"2016-04-14T16:45:32","guid":{"rendered":"http:\/\/www.eigonet.ch\/test\/?page_id=112"},"modified":"2016-04-14T17:45:32","modified_gmt":"2016-04-14T16:45:32","slug":"textes-enfants-2015","status":"publish","type":"page","link":"https:\/\/www.lesoptimistes.top\/index.php\/textes-enfants-2015\/","title":{"rendered":"Textes Enfants 2015"},"content":{"rendered":"<h4>Quelques textes \u00e9crits par les enfants:<\/h4>\n<blockquote>\n<h5 style=\"text-align: center;\">C\u2019est presque impossible de mettre des mots sur ces souvenirs indescriptibles. je sais juste que j\u2019ai aim\u00e9 aller en piscine voir les autres,enfiler le masque,le tuba et les palmes. j\u2019aimais ( et j\u2019aime toujours) la sensation que j\u2019ai quand j\u2019enfile les palmes. La semaine du voyage est pass\u00e9e beaucoup trop vite\u2026j\u2019ai pas vu la semaine passer et si j\u2019ai pas vu la semaine passer c\u2019est que je me suis vraiment \u00e9clat\u00e9e. Le car\u2026je vais pas en parler parce que c\u2019\u00e9tait nul! juste pour cette partie du voyage j\u2019aurais aim\u00e9 pouvoir me t\u00e9l\u00e9porter. Mais c\u2019est supportable cinq heures de car quand on arrive au port et qu\u2019on passe une semaine inoubliable sur un super bateau avec un super \u00e9quipage et des mammif\u00e8res marins ultra intelligents et presque aussi rapides que speedy gonzales \ud83d\ude42 bref exp\u00e9rience \u00e0 ne pas manquer!<\/h5>\n<h5 style=\"text-align: center;\">Nataliya<\/h5>\n<\/blockquote>\n<hr \/>\n<blockquote>\n<h5 style=\"text-align: center;\">J&rsquo;ai ador\u00e9 le voyage avec les optimistes.<\/h5>\n<h5 style=\"text-align: center;\">Etre pr\u00e8s des dauphins me fait du bien<\/h5>\n<h5 style=\"text-align: center;\">j&rsquo;ai aussi aim\u00e9 le moment massage et dodo.<\/h5>\n<h5 style=\"text-align: center;\">J&rsquo;ai trop aim\u00e9 le groupe.<\/h5>\n<h5 style=\"text-align: center;\">Je me sentais bien avec le groupe comme si c&rsquo;\u00e9tait ma famille.<\/h5>\n<\/blockquote>\n<h5 style=\"text-align: center;\">Zo\u00e9<\/h5>\n<hr \/>\n<blockquote>\n<h5 style=\"text-align: center;\">Ma semaine en Egypte<\/h5>\n<h5 style=\"text-align: center;\">Il y a beaucoup de temps avant d&rsquo;arriver sur le bateau mais d\u00e9j\u00e0 on commence \u00e0 s&rsquo;entendre et s&rsquo;appr\u00e9cier. On deviendra soud\u00e9 comme une famille. Nous sommes arriv\u00e9s dans le bateau et cette aventure commence avec ses bons c\u00f4t\u00e9s. Nous sommes pr\u00e9par\u00e9s et c&rsquo;est parti pour s&rsquo;amuser dans l&rsquo;eau. On a nag\u00e9 sous l&rsquo;eau avec les dauphins, quel moment de plaisir!!!<\/h5>\n<h5 style=\"text-align: center;\">Tous les soirs nous \u00e9tions r\u00e9unit pour faire des activit\u00e9s, une fois c&rsquo;\u00e9tait des massages, j&rsquo;ai ador\u00e9 tous les soirs, c&rsquo;\u00e9tait agr\u00e9able!!!<\/h5>\n<h5 style=\"text-align: center;\">Le lendemain on a vu une raie et on s&rsquo;est retrouv\u00e9 \u00e0 trois centim\u00e8tres des dauphins. Certains ont pu nager avec nous tout \u00e0 c\u00f4t\u00e9.<\/h5>\n<h5 style=\"text-align: center;\">Ce fut un excellent s\u00e9jour, que \u00e7a continue !!!!<\/h5>\n<h5 style=\"text-align: center;\">Camille<\/h5>\n<\/blockquote>\n","protected":false},"excerpt":{"rendered":"<p>Quelques textes \u00e9crits par les enfants: C\u2019est presque impossible de mettre des mots sur ces souvenirs indescriptibles. je sais juste que j\u2019ai aim\u00e9 aller en&#8230;<\/p>\n","protected":false},"author":1,"featured_media":0,"parent":0,"menu_order":0,"comment_status":"closed","ping_status":"closed","template":"","meta":{"footnotes":""},"class_list":["post-112","page","type-page","status-publish","hentry"],"_links":{"self":[{"href":"https:\/\/www.lesoptimistes.top\/index.php\/wp-json\/wp\/v2\/pages\/112","targetHints":{"allow":["GET"]}}],"collection":[{"href":"https:\/\/www.lesoptimistes.top\/index.php\/wp-json\/wp\/v2\/pages"}],"about":[{"href":"https:\/\/www.lesoptimistes.top\/index.php\/wp-json\/wp\/v2\/types\/page"}],"author":[{"embeddable":true,"href":"https:\/\/www.lesoptimistes.top\/index.php\/wp-json\/wp\/v2\/users\/1"}],"replies":[{"embeddable":true,"href":"https:\/\/www.lesoptimistes.top\/index.php\/wp-json\/wp\/v2\/comments?post=112"}],"version-history":[{"count":0,"href":"https:\/\/www.lesoptimistes.top\/index.php\/wp-json\/wp\/v2\/pages\/112\/revisions"}],"wp:attachment":[{"href":"https:\/\/www.lesoptimistes.top\/index.php\/wp-json\/wp\/v2\/media?parent=112"}],"curies":[{"name":"wp","href":"https:\/\/api.w.org\/{rel}","templated":true}]}}