{"id":155,"date":"2016-04-28T17:15:57","date_gmt":"2016-04-28T16:15:57","guid":{"rendered":"http:\/\/www.eigonet.ch\/test\/?page_id=155"},"modified":"2016-04-28T17:15:57","modified_gmt":"2016-04-28T16:15:57","slug":"textes-enfants-ski-2016","status":"publish","type":"page","link":"https:\/\/www.lesoptimistes.top\/index.php\/textes-enfants-ski-2016\/","title":{"rendered":"Textes enfants Ski 2016"},"content":{"rendered":"<blockquote><p>J&rsquo;ai bien aim\u00e9 faire les bosses avec Camille. Et j&rsquo;ai bien aim\u00e9 faire l&rsquo;igloo avec Kiki, Aaron et Nataliya. C&rsquo;\u00e9tait trop cool<\/p>\n<p>Zo\u00e9<\/p>\n<hr \/>\n<p>C&rsquo;\u00e9tait super bien, quand j&rsquo;ai fait la luge et le igloo. Super bien, tr\u00e8s bien.<\/p>\n<p>Aaron<\/p>\n<hr \/>\n<p>Nous sommes partis le matin, en route pour cette merveilleuse journ\u00e9e de ski.<\/p>\n<p>Et c&rsquo;est parti. Les paysages nous faisaient r\u00eaver en \u00e9coutant de la super musique de Karine. Encore une fois un peu plus d&rsquo;amiti\u00e9 et de partage. Nous arrivons sur les pistes, on se chausse, on est pr\u00eat!!!! Je me suis r\u00e9gal\u00e9e sur les pistes! Une super chance d&rsquo;avoir vu un splendide coucher de soleil. C&rsquo;\u00e9tait une super journ\u00e9e. Bisous<\/p>\n<p>Camille<\/p>\n<hr \/>\n<\/blockquote>\n<p>REPONSE : La neige et mes skis<\/p>\n","protected":false},"excerpt":{"rendered":"<p>J&rsquo;ai bien aim\u00e9 faire les bosses avec Camille. Et j&rsquo;ai bien aim\u00e9 faire l&rsquo;igloo avec Kiki, Aaron et Nataliya. C&rsquo;\u00e9tait trop cool Zo\u00e9 C&rsquo;\u00e9tait super&#8230;<\/p>\n","protected":false},"author":1,"featured_media":0,"parent":0,"menu_order":0,"comment_status":"closed","ping_status":"closed","template":"","meta":{"footnotes":""},"class_list":["post-155","page","type-page","status-publish","hentry"],"_links":{"self":[{"href":"https:\/\/www.lesoptimistes.top\/index.php\/wp-json\/wp\/v2\/pages\/155","targetHints":{"allow":["GET"]}}],"collection":[{"href":"https:\/\/www.lesoptimistes.top\/index.php\/wp-json\/wp\/v2\/pages"}],"about":[{"href":"https:\/\/www.lesoptimistes.top\/index.php\/wp-json\/wp\/v2\/types\/page"}],"author":[{"embeddable":true,"href":"https:\/\/www.lesoptimistes.top\/index.php\/wp-json\/wp\/v2\/users\/1"}],"replies":[{"embeddable":true,"href":"https:\/\/www.lesoptimistes.top\/index.php\/wp-json\/wp\/v2\/comments?post=155"}],"version-history":[{"count":0,"href":"https:\/\/www.lesoptimistes.top\/index.php\/wp-json\/wp\/v2\/pages\/155\/revisions"}],"wp:attachment":[{"href":"https:\/\/www.lesoptimistes.top\/index.php\/wp-json\/wp\/v2\/media?parent=155"}],"curies":[{"name":"wp","href":"https:\/\/api.w.org\/{rel}","templated":true}]}}