{"id":42,"date":"2016-03-31T17:42:39","date_gmt":"2016-03-31T16:42:39","guid":{"rendered":"http:\/\/www.eigonet.ch\/test\/?page_id=42"},"modified":"2016-03-31T17:42:39","modified_gmt":"2016-03-31T16:42:39","slug":"a-propos-de-nous","status":"publish","type":"page","link":"https:\/\/www.lesoptimistes.top\/index.php\/a-propos-de-nous\/","title":{"rendered":"A propos de nous"},"content":{"rendered":"<p>Association \u00e0 but non lucratif \u0153uvrant pour la r\u00e9alisation d&rsquo;activit\u00e9s, d&rsquo;\u00e9v\u00e8nements et de voyages encadr\u00e9s pour des enfants en situation de handicap moteur et leurs proches<\/p>\n<p><a href=\"http:\/\/www.eigonet.ch\/test\/index.php\/historique\/\">Historique de l&rsquo;association<\/a><\/p>\n<p><a href=\"http:\/\/www.eigonet.ch\/test\/index.php\/adhesion\/\">Adh\u00e9sion<\/a><\/p>\n<p>&nbsp;<\/p>\n<p>&nbsp;<\/p>\n","protected":false},"excerpt":{"rendered":"<p>Association \u00e0 but non lucratif \u0153uvrant pour la r\u00e9alisation d&rsquo;activit\u00e9s, d&rsquo;\u00e9v\u00e8nements et de voyages encadr\u00e9s pour des enfants en situation de handicap moteur et leurs&#8230;<\/p>\n","protected":false},"author":1,"featured_media":0,"parent":0,"menu_order":0,"comment_status":"closed","ping_status":"closed","template":"","meta":{"footnotes":""},"class_list":["post-42","page","type-page","status-publish","hentry"],"_links":{"self":[{"href":"https:\/\/www.lesoptimistes.top\/index.php\/wp-json\/wp\/v2\/pages\/42","targetHints":{"allow":["GET"]}}],"collection":[{"href":"https:\/\/www.lesoptimistes.top\/index.php\/wp-json\/wp\/v2\/pages"}],"about":[{"href":"https:\/\/www.lesoptimistes.top\/index.php\/wp-json\/wp\/v2\/types\/page"}],"author":[{"embeddable":true,"href":"https:\/\/www.lesoptimistes.top\/index.php\/wp-json\/wp\/v2\/users\/1"}],"replies":[{"embeddable":true,"href":"https:\/\/www.lesoptimistes.top\/index.php\/wp-json\/wp\/v2\/comments?post=42"}],"version-history":[{"count":0,"href":"https:\/\/www.lesoptimistes.top\/index.php\/wp-json\/wp\/v2\/pages\/42\/revisions"}],"wp:attachment":[{"href":"https:\/\/www.lesoptimistes.top\/index.php\/wp-json\/wp\/v2\/media?parent=42"}],"curies":[{"name":"wp","href":"https:\/\/api.w.org\/{rel}","templated":true}]}}