{"id":45,"date":"2016-03-31T17:46:10","date_gmt":"2016-03-31T16:46:10","guid":{"rendered":"http:\/\/www.eigonet.ch\/test\/?page_id=45"},"modified":"2016-03-31T17:46:10","modified_gmt":"2016-03-31T16:46:10","slug":"historique","status":"publish","type":"page","link":"https:\/\/www.lesoptimistes.top\/index.php\/historique\/","title":{"rendered":"Historique"},"content":{"rendered":"<p><strong>1er f\u00e9vrier 2015<\/strong><\/p>\n<p>L\u2019association Les Optimistes est n\u00e9e au printemps 2015, afin de financer un r\u00eave fou : emmener nager avec les dauphins en Mer Rouge durant l\u2019\u00e9t\u00e9 un groupe d\u2019enfants pr\u00e9sentant des difficult\u00e9s motrices.<\/p>\n<p>D\u00e8s les premi\u00e8res r\u00e9flexions, nous avons eu envie que l\u2019association soit une sorte de plateforme destin\u00e9e \u00e0 l\u2019organisation d\u2019activit\u00e9s auxquelles pourraient participer chaque enfant en fonction de son potentiel et de son rythme, et, surtout, de les partager avec leurs proches, parents, fr\u00e8res et s\u0153urs et ami(e)s.<\/p>\n<p>Nous avons donc tout naturellement d\u00e9fini les buts associatifs afin qu\u2019ils englobent, non seulement ces beaux voyages \u00e0 la rencontre des dauphins, mais \u00e9galement des moments et des activit\u00e9s de partage.<\/p>\n<p>Jeux, loisirs, sports, tout est envisageable. De plus, nous souhaitons grandement que les enfants et leurs familles soient les initiateurs de ces rencontres au m\u00eame titre que l\u2019association qui est l\u00e0 pour r\u00e9unir et permettre leurs souhaits.<\/p>\n<p><strong>Juillet 2015<\/strong> Premier voyage en Mer Rouge \u00e0 la rencontre des Dauphins.<\/p>\n<p><strong>26 f\u00e9vrier 2016<\/strong> Premi\u00e8re AG de l\u2019association<\/p>\n<p>&nbsp;<\/p>\n<p>&nbsp;<\/p>\n","protected":false},"excerpt":{"rendered":"<p>1er f\u00e9vrier 2015 L\u2019association Les Optimistes est n\u00e9e au printemps 2015, afin de financer un r\u00eave fou : emmener nager avec les dauphins en Mer&#8230;<\/p>\n","protected":false},"author":1,"featured_media":0,"parent":0,"menu_order":0,"comment_status":"closed","ping_status":"closed","template":"","meta":{"footnotes":""},"class_list":["post-45","page","type-page","status-publish","hentry"],"_links":{"self":[{"href":"https:\/\/www.lesoptimistes.top\/index.php\/wp-json\/wp\/v2\/pages\/45","targetHints":{"allow":["GET"]}}],"collection":[{"href":"https:\/\/www.lesoptimistes.top\/index.php\/wp-json\/wp\/v2\/pages"}],"about":[{"href":"https:\/\/www.lesoptimistes.top\/index.php\/wp-json\/wp\/v2\/types\/page"}],"author":[{"embeddable":true,"href":"https:\/\/www.lesoptimistes.top\/index.php\/wp-json\/wp\/v2\/users\/1"}],"replies":[{"embeddable":true,"href":"https:\/\/www.lesoptimistes.top\/index.php\/wp-json\/wp\/v2\/comments?post=45"}],"version-history":[{"count":0,"href":"https:\/\/www.lesoptimistes.top\/index.php\/wp-json\/wp\/v2\/pages\/45\/revisions"}],"wp:attachment":[{"href":"https:\/\/www.lesoptimistes.top\/index.php\/wp-json\/wp\/v2\/media?parent=45"}],"curies":[{"name":"wp","href":"https:\/\/api.w.org\/{rel}","templated":true}]}}