{"id":79,"date":"2016-04-14T16:25:09","date_gmt":"2016-04-14T15:25:09","guid":{"rendered":"http:\/\/www.eigonet.ch\/test\/?page_id=79"},"modified":"2025-01-26T18:50:19","modified_gmt":"2025-01-26T17:50:19","slug":"2015-2","status":"publish","type":"page","link":"https:\/\/www.lesoptimistes.top\/index.php\/2015-2\/","title":{"rendered":"2015"},"content":{"rendered":"\n<h3 class=\"wp-block-heading\">\u00ab NAGER EN MER ROUGE AVEC LES DAUPHINS SAUVAGES \u00bb , Juillet 2015<\/h3>\n\n\n\n<p>Un groupe de 16 personnes, enfants, parents, accompagnants habit\u00e9s par le m\u00eame r\u00eave a v\u00e9cu 1 semaine sur un bateau en Mer Rouge \u00e9gyptienne dans la Baie Sataya.<\/p>\n\n\n\n<p>En pr\u00e9paration au voyage, les enfants se sont surpass\u00e9s en venant chaque semaine, pendant des mois, apprendre \u00e0 nager et \u00e0 utiliser les palmes, masques et tuba, ici, aux Bains de Cressy, que nous remercions pour leur partenariat.<\/p>\n\n\n\n<p>Sur place, nous avons eu l\u2019opportunit\u00e9 de nager chaque jour en totale libert\u00e9 avec les dauphins qui viennent dans cette baie la journ\u00e9e pour se reposer et jouer.<\/p>\n\n\n\n<p>Tous ensemble, et chaleureusement entour\u00e9s de l\u2019\u00e9quipage du bateau, nous avons v\u00e9cu des moments de grands et profonds partages humains, des baignades inoubliables et magiques au milieu des dauphins et des fonds marins.<\/p>\n\n\n\n<p><a href=\"http:\/\/www.lesoptimistes.top\/index.php\/textes-enfants-2015\/\">Textes des enfants<\/a><\/p>\n\n\n<p><iframe loading=\"lazy\" title=\"Association Les Optimistes - Dauphins 2015\" width=\"470\" height=\"264\" src=\"https:\/\/www.youtube.com\/embed\/7sPOTyBZfjM?feature=oembed\" frameborder=\"0\" allow=\"accelerometer; autoplay; clipboard-write; encrypted-media; gyroscope; picture-in-picture; web-share\" referrerpolicy=\"strict-origin-when-cross-origin\" allowfullscreen><\/iframe><\/p>\n\n\n\n<p>Ci-dessous, la galerie photo<\/p>\n\n\n<div class=\"foogallery foogallery-container foogallery-thumbnail foogallery-single-thumbnail foogallery-lightbox-foobox-free fg-center fg-thumbnail fg-light fg-border-thin fg-shadow-outline fg-loading-default fg-loaded-fade-in fg-caption-always fg-hover-fade fg-hover-zoom fg-ready\" id=\"foogallery-gallery-72\" data-foogallery=\"{&quot;item&quot;:{&quot;showCaptionTitle&quot;:true,&quot;showCaptionDescription&quot;:true},&quot;lazy&quot;:true}\" >\r\n    <div class=\"fg-item fg-type-image fg-idle\"><figure class=\"fg-item-inner\"><a href=\"https:\/\/www.lesoptimistes.top\/wp-content\/uploads\/2016\/04\/g-vlcsnap-2015-08-24-17h24m45s845.jpg\" data-attachment-id=\"132\" rel=\"lightbox[72]\" data-type=\"image\" class=\"fg-thumb\"><span class=\"fg-image-wrap\"><img fetchpriority=\"high\" decoding=\"async\" width=\"250\" height=\"200\" class=\"skip-lazy fg-image\" data-src-fg=\"https:\/\/www.lesoptimistes.top\/wp-content\/uploads\/cache\/2016\/04\/g-vlcsnap-2015-08-24-17h24m45s845\/3520967578.jpg\" src=\"data:image\/svg+xml,%3Csvg%20xmlns%3D%22http%3A%2F%2Fwww.w3.org%2F2000%2Fsvg%22%20width%3D%22250%22%20height%3D%22200%22%20viewBox%3D%220%200%20250%20200%22%3E%3C%2Fsvg%3E\" loading=\"eager\"><\/span><span class=\"fg-image-overlay\"><\/span><\/a><figcaption class=\"fg-caption\"><div class=\"fg-caption-inner\"><\/div><\/figcaption><\/figure><div class=\"fg-loader\"><\/div><\/div>    <div class=\"fg-st-hidden\">\r\n    <div class=\"fg-item fg-type-image fg-idle\"><figure class=\"fg-item-inner\"><a href=\"https:\/\/www.lesoptimistes.top\/wp-content\/uploads\/2016\/04\/a_DSC5555.jpg\" data-attachment-id=\"142\" rel=\"lightbox[72]\" data-type=\"image\" class=\"fg-thumb\"><span class=\"fg-image-wrap\"><img decoding=\"async\" width=\"250\" height=\"200\" class=\"skip-lazy fg-image\" data-src-fg=\"https:\/\/www.lesoptimistes.top\/wp-content\/uploads\/cache\/2016\/04\/a_DSC5555\/650602166.jpg\" src=\"data:image\/svg+xml,%3Csvg%20xmlns%3D%22http%3A%2F%2Fwww.w3.org%2F2000%2Fsvg%22%20width%3D%22250%22%20height%3D%22200%22%20viewBox%3D%220%200%20250%20200%22%3E%3C%2Fsvg%3E\" loading=\"eager\"><\/span><span class=\"fg-image-overlay\"><\/span><\/a><figcaption class=\"fg-caption\"><div class=\"fg-caption-inner\"><\/div><\/figcaption><\/figure><div class=\"fg-loader\"><\/div><\/div><div class=\"fg-item fg-type-image fg-idle\"><figure class=\"fg-item-inner\"><a href=\"https:\/\/www.lesoptimistes.top\/wp-content\/uploads\/2016\/04\/b-20150628_061302.jpg\" data-attachment-id=\"141\" rel=\"lightbox[72]\" data-type=\"image\" class=\"fg-thumb\"><span class=\"fg-image-wrap\"><img decoding=\"async\" width=\"250\" height=\"200\" class=\"skip-lazy fg-image\" data-src-fg=\"https:\/\/www.lesoptimistes.top\/wp-content\/uploads\/cache\/2016\/04\/b-20150628_061302\/1468532289.jpg\" src=\"data:image\/svg+xml,%3Csvg%20xmlns%3D%22http%3A%2F%2Fwww.w3.org%2F2000%2Fsvg%22%20width%3D%22250%22%20height%3D%22200%22%20viewBox%3D%220%200%20250%20200%22%3E%3C%2Fsvg%3E\" loading=\"eager\"><\/span><span class=\"fg-image-overlay\"><\/span><\/a><figcaption class=\"fg-caption\"><div class=\"fg-caption-inner\"><\/div><\/figcaption><\/figure><div class=\"fg-loader\"><\/div><\/div><div class=\"fg-item fg-type-image fg-idle\"><figure class=\"fg-item-inner\"><a href=\"https:\/\/www.lesoptimistes.top\/wp-content\/uploads\/2016\/04\/d-DSC01489.jpg\" data-attachment-id=\"139\" rel=\"lightbox[72]\" data-type=\"image\" class=\"fg-thumb\"><span class=\"fg-image-wrap\"><img decoding=\"async\" width=\"250\" height=\"200\" class=\"skip-lazy fg-image\" data-src-fg=\"https:\/\/www.lesoptimistes.top\/wp-content\/uploads\/cache\/2016\/04\/d-DSC01489\/3216665637.jpg\" src=\"data:image\/svg+xml,%3Csvg%20xmlns%3D%22http%3A%2F%2Fwww.w3.org%2F2000%2Fsvg%22%20width%3D%22250%22%20height%3D%22200%22%20viewBox%3D%220%200%20250%20200%22%3E%3C%2Fsvg%3E\" loading=\"eager\"><\/span><span class=\"fg-image-overlay\"><\/span><\/a><figcaption class=\"fg-caption\"><div class=\"fg-caption-inner\"><\/div><\/figcaption><\/figure><div class=\"fg-loader\"><\/div><\/div><div class=\"fg-item fg-type-image fg-idle\"><figure class=\"fg-item-inner\"><a href=\"https:\/\/www.lesoptimistes.top\/wp-content\/uploads\/2016\/04\/c-DSC01347.jpg\" data-attachment-id=\"140\" rel=\"lightbox[72]\" data-type=\"image\" class=\"fg-thumb\"><span class=\"fg-image-wrap\"><img decoding=\"async\" width=\"250\" height=\"200\" class=\"skip-lazy fg-image\" data-src-fg=\"https:\/\/www.lesoptimistes.top\/wp-content\/uploads\/cache\/2016\/04\/c-DSC01347\/2127712450.jpg\" src=\"data:image\/svg+xml,%3Csvg%20xmlns%3D%22http%3A%2F%2Fwww.w3.org%2F2000%2Fsvg%22%20width%3D%22250%22%20height%3D%22200%22%20viewBox%3D%220%200%20250%20200%22%3E%3C%2Fsvg%3E\" loading=\"eager\"><\/span><span class=\"fg-image-overlay\"><\/span><\/a><figcaption class=\"fg-caption\"><div class=\"fg-caption-inner\"><\/div><\/figcaption><\/figure><div class=\"fg-loader\"><\/div><\/div><div class=\"fg-item fg-type-image fg-idle\"><figure class=\"fg-item-inner\"><a href=\"https:\/\/www.lesoptimistes.top\/wp-content\/uploads\/2016\/04\/e_DSC5834.jpg\" data-attachment-id=\"138\" rel=\"lightbox[72]\" data-type=\"image\" class=\"fg-thumb\"><span class=\"fg-image-wrap\"><img decoding=\"async\" width=\"250\" height=\"200\" class=\"skip-lazy fg-image\" data-src-fg=\"https:\/\/www.lesoptimistes.top\/wp-content\/uploads\/cache\/2016\/04\/e_DSC5834\/3561972237.jpg\" src=\"data:image\/svg+xml,%3Csvg%20xmlns%3D%22http%3A%2F%2Fwww.w3.org%2F2000%2Fsvg%22%20width%3D%22250%22%20height%3D%22200%22%20viewBox%3D%220%200%20250%20200%22%3E%3C%2Fsvg%3E\" loading=\"eager\"><\/span><span class=\"fg-image-overlay\"><\/span><\/a><figcaption class=\"fg-caption\"><div class=\"fg-caption-inner\"><\/div><\/figcaption><\/figure><div class=\"fg-loader\"><\/div><\/div><div class=\"fg-item fg-type-image fg-idle\"><figure class=\"fg-item-inner\"><a href=\"https:\/\/www.lesoptimistes.top\/wp-content\/uploads\/2016\/04\/f-egypte-keke-021.jpg\" data-caption-title=\"DCIM100GOPRO\" data-attachment-id=\"136\" rel=\"lightbox[72]\" data-type=\"image\" class=\"fg-thumb\"><span class=\"fg-image-wrap\"><img decoding=\"async\" title=\"DCIM100GOPRO\" width=\"250\" height=\"200\" class=\"skip-lazy fg-image\" data-src-fg=\"https:\/\/www.lesoptimistes.top\/wp-content\/uploads\/cache\/2016\/04\/f-egypte-keke-021\/3971495802.jpg\" src=\"data:image\/svg+xml,%3Csvg%20xmlns%3D%22http%3A%2F%2Fwww.w3.org%2F2000%2Fsvg%22%20width%3D%22250%22%20height%3D%22200%22%20viewBox%3D%220%200%20250%20200%22%3E%3C%2Fsvg%3E\" loading=\"eager\"><\/span><span class=\"fg-image-overlay\"><\/span><\/a><figcaption class=\"fg-caption\"><div class=\"fg-caption-inner\"><div class=\"fg-caption-title\">DCIM100GOPRO<\/div><\/div><\/figcaption><\/figure><div class=\"fg-loader\"><\/div><\/div><div class=\"fg-item fg-type-image fg-idle\"><figure class=\"fg-item-inner\"><a href=\"https:\/\/www.lesoptimistes.top\/wp-content\/uploads\/2016\/04\/g-GOPR0590.jpg\" data-caption-title=\"DCIM100GOPROGOPR0590.\" data-attachment-id=\"137\" rel=\"lightbox[72]\" data-type=\"image\" class=\"fg-thumb\"><span class=\"fg-image-wrap\"><img decoding=\"async\" title=\"DCIM100GOPROGOPR0590.\" width=\"250\" height=\"200\" class=\"skip-lazy fg-image\" data-src-fg=\"https:\/\/www.lesoptimistes.top\/wp-content\/uploads\/cache\/2016\/04\/g-GOPR0590\/1770475354.jpg\" src=\"data:image\/svg+xml,%3Csvg%20xmlns%3D%22http%3A%2F%2Fwww.w3.org%2F2000%2Fsvg%22%20width%3D%22250%22%20height%3D%22200%22%20viewBox%3D%220%200%20250%20200%22%3E%3C%2Fsvg%3E\" loading=\"eager\"><\/span><span class=\"fg-image-overlay\"><\/span><\/a><figcaption class=\"fg-caption\"><div class=\"fg-caption-inner\"><div class=\"fg-caption-title\">DCIM100GOPROGOPR0590.<\/div><\/div><\/figcaption><\/figure><div class=\"fg-loader\"><\/div><\/div><div class=\"fg-item fg-type-image fg-idle\"><figure class=\"fg-item-inner\"><a href=\"https:\/\/www.lesoptimistes.top\/wp-content\/uploads\/2016\/04\/i-GOPR0723.jpg\" data-caption-title=\"DCIM100GOPROGOPR0723.\" data-attachment-id=\"123\" rel=\"lightbox[72]\" data-type=\"image\" class=\"fg-thumb\"><span class=\"fg-image-wrap\"><img decoding=\"async\" title=\"DCIM100GOPROGOPR0723.\" width=\"250\" height=\"200\" class=\"skip-lazy fg-image\" data-src-fg=\"https:\/\/www.lesoptimistes.top\/wp-content\/uploads\/cache\/2016\/04\/i-GOPR0723\/1523855938.jpg\" src=\"data:image\/svg+xml,%3Csvg%20xmlns%3D%22http%3A%2F%2Fwww.w3.org%2F2000%2Fsvg%22%20width%3D%22250%22%20height%3D%22200%22%20viewBox%3D%220%200%20250%20200%22%3E%3C%2Fsvg%3E\" loading=\"eager\"><\/span><span class=\"fg-image-overlay\"><\/span><\/a><figcaption class=\"fg-caption\"><div class=\"fg-caption-inner\"><div class=\"fg-caption-title\">DCIM100GOPROGOPR0723.<\/div><\/div><\/figcaption><\/figure><div class=\"fg-loader\"><\/div><\/div><div class=\"fg-item fg-type-image fg-idle\"><figure class=\"fg-item-inner\"><a href=\"https:\/\/www.lesoptimistes.top\/wp-content\/uploads\/2016\/04\/vlcsnap-2015-08-24-17h34m03s185.jpg\" data-attachment-id=\"121\" rel=\"lightbox[72]\" data-type=\"image\" class=\"fg-thumb\"><span class=\"fg-image-wrap\"><img decoding=\"async\" width=\"250\" height=\"200\" class=\"skip-lazy fg-image\" data-src-fg=\"https:\/\/www.lesoptimistes.top\/wp-content\/uploads\/cache\/2016\/04\/vlcsnap-2015-08-24-17h34m03s185\/1955583205.jpg\" src=\"data:image\/svg+xml,%3Csvg%20xmlns%3D%22http%3A%2F%2Fwww.w3.org%2F2000%2Fsvg%22%20width%3D%22250%22%20height%3D%22200%22%20viewBox%3D%220%200%20250%20200%22%3E%3C%2Fsvg%3E\" loading=\"eager\"><\/span><span class=\"fg-image-overlay\"><\/span><\/a><figcaption class=\"fg-caption\"><div class=\"fg-caption-inner\"><\/div><\/figcaption><\/figure><div class=\"fg-loader\"><\/div><\/div><div class=\"fg-item fg-type-image fg-idle\"><figure class=\"fg-item-inner\"><a href=\"https:\/\/www.lesoptimistes.top\/wp-content\/uploads\/2016\/04\/g-GOPR0728.jpg\" data-caption-title=\"DCIM100GOPROGOPR0728.\" data-attachment-id=\"135\" rel=\"lightbox[72]\" data-type=\"image\" class=\"fg-thumb\"><span class=\"fg-image-wrap\"><img decoding=\"async\" title=\"DCIM100GOPROGOPR0728.\" width=\"250\" height=\"200\" class=\"skip-lazy fg-image\" data-src-fg=\"https:\/\/www.lesoptimistes.top\/wp-content\/uploads\/cache\/2016\/04\/g-GOPR0728\/922910245.jpg\" src=\"data:image\/svg+xml,%3Csvg%20xmlns%3D%22http%3A%2F%2Fwww.w3.org%2F2000%2Fsvg%22%20width%3D%22250%22%20height%3D%22200%22%20viewBox%3D%220%200%20250%20200%22%3E%3C%2Fsvg%3E\" loading=\"eager\"><\/span><span class=\"fg-image-overlay\"><\/span><\/a><figcaption class=\"fg-caption\"><div class=\"fg-caption-inner\"><div class=\"fg-caption-title\">DCIM100GOPROGOPR0728.<\/div><\/div><\/figcaption><\/figure><div class=\"fg-loader\"><\/div><\/div><div class=\"fg-item fg-type-image fg-idle\"><figure class=\"fg-item-inner\"><a href=\"https:\/\/www.lesoptimistes.top\/wp-content\/uploads\/2016\/04\/vlcsnap-2015-09-03-11h05m45s598.jpg\" data-attachment-id=\"122\" rel=\"lightbox[72]\" data-type=\"image\" class=\"fg-thumb\"><span class=\"fg-image-wrap\"><img decoding=\"async\" width=\"250\" height=\"200\" class=\"skip-lazy fg-image\" data-src-fg=\"https:\/\/www.lesoptimistes.top\/wp-content\/uploads\/cache\/2016\/04\/vlcsnap-2015-09-03-11h05m45s598\/2026768762.jpg\" src=\"data:image\/svg+xml,%3Csvg%20xmlns%3D%22http%3A%2F%2Fwww.w3.org%2F2000%2Fsvg%22%20width%3D%22250%22%20height%3D%22200%22%20viewBox%3D%220%200%20250%20200%22%3E%3C%2Fsvg%3E\" loading=\"eager\"><\/span><span class=\"fg-image-overlay\"><\/span><\/a><figcaption class=\"fg-caption\"><div class=\"fg-caption-inner\"><\/div><\/figcaption><\/figure><div class=\"fg-loader\"><\/div><\/div><div class=\"fg-item fg-type-image fg-idle\"><figure class=\"fg-item-inner\"><a href=\"https:\/\/www.lesoptimistes.top\/wp-content\/uploads\/2016\/04\/h-GOPR0776.jpg\" data-caption-title=\"DCIM100GOPROGOPR0776.\" data-attachment-id=\"125\" rel=\"lightbox[72]\" data-type=\"image\" class=\"fg-thumb\"><span class=\"fg-image-wrap\"><img decoding=\"async\" title=\"DCIM100GOPROGOPR0776.\" width=\"250\" height=\"200\" class=\"skip-lazy fg-image\" data-src-fg=\"https:\/\/www.lesoptimistes.top\/wp-content\/uploads\/cache\/2016\/04\/h-GOPR0776\/3276086868.jpg\" src=\"data:image\/svg+xml,%3Csvg%20xmlns%3D%22http%3A%2F%2Fwww.w3.org%2F2000%2Fsvg%22%20width%3D%22250%22%20height%3D%22200%22%20viewBox%3D%220%200%20250%20200%22%3E%3C%2Fsvg%3E\" loading=\"eager\"><\/span><span class=\"fg-image-overlay\"><\/span><\/a><figcaption class=\"fg-caption\"><div class=\"fg-caption-inner\"><div class=\"fg-caption-title\">DCIM100GOPROGOPR0776.<\/div><\/div><\/figcaption><\/figure><div class=\"fg-loader\"><\/div><\/div><div class=\"fg-item fg-type-image fg-idle\"><figure class=\"fg-item-inner\"><a href=\"https:\/\/www.lesoptimistes.top\/wp-content\/uploads\/2016\/04\/g-GOPR0737.jpg\" data-caption-title=\"DCIM100GOPROGOPR0737.\" data-attachment-id=\"134\" rel=\"lightbox[72]\" data-type=\"image\" class=\"fg-thumb\"><span class=\"fg-image-wrap\"><img decoding=\"async\" title=\"DCIM100GOPROGOPR0737.\" width=\"250\" height=\"200\" class=\"skip-lazy fg-image\" data-src-fg=\"https:\/\/www.lesoptimistes.top\/wp-content\/uploads\/cache\/2016\/04\/g-GOPR0737\/4240001759.jpg\" src=\"data:image\/svg+xml,%3Csvg%20xmlns%3D%22http%3A%2F%2Fwww.w3.org%2F2000%2Fsvg%22%20width%3D%22250%22%20height%3D%22200%22%20viewBox%3D%220%200%20250%20200%22%3E%3C%2Fsvg%3E\" loading=\"eager\"><\/span><span class=\"fg-image-overlay\"><\/span><\/a><figcaption class=\"fg-caption\"><div class=\"fg-caption-inner\"><div class=\"fg-caption-title\">DCIM100GOPROGOPR0737.<\/div><\/div><\/figcaption><\/figure><div class=\"fg-loader\"><\/div><\/div><div class=\"fg-item fg-type-image fg-idle\"><figure class=\"fg-item-inner\"><a href=\"https:\/\/www.lesoptimistes.top\/wp-content\/uploads\/2016\/04\/i-PA210215.jpg\" data-caption-title=\"OLYMPUS DIGITAL CAMERA\" data-attachment-id=\"124\" rel=\"lightbox[72]\" data-type=\"image\" class=\"fg-thumb\"><span class=\"fg-image-wrap\"><img decoding=\"async\" title=\"OLYMPUS DIGITAL CAMERA\" width=\"250\" height=\"200\" class=\"skip-lazy fg-image\" data-src-fg=\"https:\/\/www.lesoptimistes.top\/wp-content\/uploads\/cache\/2016\/04\/i-PA210215\/2133083671.jpg\" src=\"data:image\/svg+xml,%3Csvg%20xmlns%3D%22http%3A%2F%2Fwww.w3.org%2F2000%2Fsvg%22%20width%3D%22250%22%20height%3D%22200%22%20viewBox%3D%220%200%20250%20200%22%3E%3C%2Fsvg%3E\" loading=\"eager\"><\/span><span class=\"fg-image-overlay\"><\/span><\/a><figcaption class=\"fg-caption\"><div class=\"fg-caption-inner\"><div class=\"fg-caption-title\">OLYMPUS DIGITAL CAMERA<\/div><\/div><\/figcaption><\/figure><div class=\"fg-loader\"><\/div><\/div><div class=\"fg-item fg-type-image fg-idle\"><figure class=\"fg-item-inner\"><a href=\"https:\/\/www.lesoptimistes.top\/wp-content\/uploads\/2016\/04\/h-GOPR0752.jpg\" data-caption-title=\"DCIM100GOPROGOPR0752.\" data-attachment-id=\"126\" rel=\"lightbox[72]\" data-type=\"image\" class=\"fg-thumb\"><span class=\"fg-image-wrap\"><img decoding=\"async\" title=\"DCIM100GOPROGOPR0752.\" width=\"250\" height=\"200\" class=\"skip-lazy fg-image\" data-src-fg=\"https:\/\/www.lesoptimistes.top\/wp-content\/uploads\/cache\/2016\/04\/h-GOPR0752\/1742302743.jpg\" src=\"data:image\/svg+xml,%3Csvg%20xmlns%3D%22http%3A%2F%2Fwww.w3.org%2F2000%2Fsvg%22%20width%3D%22250%22%20height%3D%22200%22%20viewBox%3D%220%200%20250%20200%22%3E%3C%2Fsvg%3E\" loading=\"eager\"><\/span><span class=\"fg-image-overlay\"><\/span><\/a><figcaption class=\"fg-caption\"><div class=\"fg-caption-inner\"><div class=\"fg-caption-title\">DCIM100GOPROGOPR0752.<\/div><\/div><\/figcaption><\/figure><div class=\"fg-loader\"><\/div><\/div><div class=\"fg-item fg-type-image fg-idle\"><figure class=\"fg-item-inner\"><a href=\"https:\/\/www.lesoptimistes.top\/wp-content\/uploads\/2016\/04\/h-GOPR0745.jpg\" data-caption-title=\"DCIM100GOPROGOPR0745.\" data-attachment-id=\"127\" rel=\"lightbox[72]\" data-type=\"image\" class=\"fg-thumb\"><span class=\"fg-image-wrap\"><img decoding=\"async\" title=\"DCIM100GOPROGOPR0745.\" width=\"250\" height=\"200\" class=\"skip-lazy fg-image\" data-src-fg=\"https:\/\/www.lesoptimistes.top\/wp-content\/uploads\/cache\/2016\/04\/h-GOPR0745\/2139570520.jpg\" src=\"data:image\/svg+xml,%3Csvg%20xmlns%3D%22http%3A%2F%2Fwww.w3.org%2F2000%2Fsvg%22%20width%3D%22250%22%20height%3D%22200%22%20viewBox%3D%220%200%20250%20200%22%3E%3C%2Fsvg%3E\" loading=\"eager\"><\/span><span class=\"fg-image-overlay\"><\/span><\/a><figcaption class=\"fg-caption\"><div class=\"fg-caption-inner\"><div class=\"fg-caption-title\">DCIM100GOPROGOPR0745.<\/div><\/div><\/figcaption><\/figure><div class=\"fg-loader\"><\/div><\/div><div class=\"fg-item fg-type-image fg-idle\"><figure class=\"fg-item-inner\"><a href=\"https:\/\/www.lesoptimistes.top\/wp-content\/uploads\/2016\/04\/h-FILE0064.jpg\" data-caption-title=\"DCIM100MEDIA\" data-attachment-id=\"128\" rel=\"lightbox[72]\" data-type=\"image\" class=\"fg-thumb\"><span class=\"fg-image-wrap\"><img decoding=\"async\" title=\"DCIM100MEDIA\" width=\"250\" height=\"200\" class=\"skip-lazy fg-image\" data-src-fg=\"https:\/\/www.lesoptimistes.top\/wp-content\/uploads\/cache\/2016\/04\/h-FILE0064\/1587738614.jpg\" src=\"data:image\/svg+xml,%3Csvg%20xmlns%3D%22http%3A%2F%2Fwww.w3.org%2F2000%2Fsvg%22%20width%3D%22250%22%20height%3D%22200%22%20viewBox%3D%220%200%20250%20200%22%3E%3C%2Fsvg%3E\" loading=\"eager\"><\/span><span class=\"fg-image-overlay\"><\/span><\/a><figcaption class=\"fg-caption\"><div class=\"fg-caption-inner\"><div class=\"fg-caption-title\">DCIM100MEDIA<\/div><\/div><\/figcaption><\/figure><div class=\"fg-loader\"><\/div><\/div><div class=\"fg-item fg-type-image fg-idle\"><figure class=\"fg-item-inner\"><a href=\"https:\/\/www.lesoptimistes.top\/wp-content\/uploads\/2016\/04\/h-egypte-nathalia-028.jpg\" data-caption-title=\"DCIM100GOPROGOPR0076.\" data-attachment-id=\"129\" rel=\"lightbox[72]\" data-type=\"image\" class=\"fg-thumb\"><span class=\"fg-image-wrap\"><img decoding=\"async\" title=\"DCIM100GOPROGOPR0076.\" width=\"250\" height=\"200\" class=\"skip-lazy fg-image\" data-src-fg=\"https:\/\/www.lesoptimistes.top\/wp-content\/uploads\/cache\/2016\/04\/h-egypte-nathalia-028\/3203581979.jpg\" src=\"data:image\/svg+xml,%3Csvg%20xmlns%3D%22http%3A%2F%2Fwww.w3.org%2F2000%2Fsvg%22%20width%3D%22250%22%20height%3D%22200%22%20viewBox%3D%220%200%20250%20200%22%3E%3C%2Fsvg%3E\" loading=\"eager\"><\/span><span class=\"fg-image-overlay\"><\/span><\/a><figcaption class=\"fg-caption\"><div class=\"fg-caption-inner\"><div class=\"fg-caption-title\">DCIM100GOPROGOPR0076.<\/div><\/div><\/figcaption><\/figure><div class=\"fg-loader\"><\/div><\/div><div class=\"fg-item fg-type-image fg-idle\"><figure class=\"fg-item-inner\"><a href=\"https:\/\/www.lesoptimistes.top\/wp-content\/uploads\/2016\/04\/ga-P5070288.jpg\" data-caption-title=\"OLYMPUS DIGITAL CAMERA\" data-attachment-id=\"130\" rel=\"lightbox[72]\" data-type=\"image\" class=\"fg-thumb\"><span class=\"fg-image-wrap\"><img decoding=\"async\" title=\"OLYMPUS DIGITAL CAMERA\" width=\"250\" height=\"200\" class=\"skip-lazy fg-image\" data-src-fg=\"https:\/\/www.lesoptimistes.top\/wp-content\/uploads\/cache\/2016\/04\/ga-P5070288\/780048110.jpg\" src=\"data:image\/svg+xml,%3Csvg%20xmlns%3D%22http%3A%2F%2Fwww.w3.org%2F2000%2Fsvg%22%20width%3D%22250%22%20height%3D%22200%22%20viewBox%3D%220%200%20250%20200%22%3E%3C%2Fsvg%3E\" loading=\"eager\"><\/span><span class=\"fg-image-overlay\"><\/span><\/a><figcaption class=\"fg-caption\"><div class=\"fg-caption-inner\"><div class=\"fg-caption-title\">OLYMPUS DIGITAL CAMERA<\/div><\/div><\/figcaption><\/figure><div class=\"fg-loader\"><\/div><\/div><div class=\"fg-item fg-type-image fg-idle\"><figure class=\"fg-item-inner\"><a href=\"https:\/\/www.lesoptimistes.top\/wp-content\/uploads\/2016\/04\/ga-DSC01933.jpg\" data-attachment-id=\"131\" rel=\"lightbox[72]\" data-type=\"image\" class=\"fg-thumb\"><span class=\"fg-image-wrap\"><img decoding=\"async\" width=\"250\" height=\"200\" class=\"skip-lazy fg-image\" data-src-fg=\"https:\/\/www.lesoptimistes.top\/wp-content\/uploads\/cache\/2016\/04\/ga-DSC01933\/1817244669.jpg\" src=\"data:image\/svg+xml,%3Csvg%20xmlns%3D%22http%3A%2F%2Fwww.w3.org%2F2000%2Fsvg%22%20width%3D%22250%22%20height%3D%22200%22%20viewBox%3D%220%200%20250%20200%22%3E%3C%2Fsvg%3E\" loading=\"eager\"><\/span><span class=\"fg-image-overlay\"><\/span><\/a><figcaption class=\"fg-caption\"><div class=\"fg-caption-inner\"><\/div><\/figcaption><\/figure><div class=\"fg-loader\"><\/div><\/div><div class=\"fg-item fg-type-image fg-idle\"><figure class=\"fg-item-inner\"><a href=\"https:\/\/www.lesoptimistes.top\/wp-content\/uploads\/2016\/04\/g-P5060156.jpg\" data-caption-title=\"OLYMPUS DIGITAL CAMERA\" data-attachment-id=\"133\" rel=\"lightbox[72]\" data-type=\"image\" class=\"fg-thumb\"><span class=\"fg-image-wrap\"><img decoding=\"async\" title=\"OLYMPUS DIGITAL CAMERA\" width=\"250\" height=\"200\" class=\"skip-lazy fg-image\" data-src-fg=\"https:\/\/www.lesoptimistes.top\/wp-content\/uploads\/cache\/2016\/04\/g-P5060156\/2502666565.jpg\" src=\"data:image\/svg+xml,%3Csvg%20xmlns%3D%22http%3A%2F%2Fwww.w3.org%2F2000%2Fsvg%22%20width%3D%22250%22%20height%3D%22200%22%20viewBox%3D%220%200%20250%20200%22%3E%3C%2Fsvg%3E\" loading=\"eager\"><\/span><span class=\"fg-image-overlay\"><\/span><\/a><figcaption class=\"fg-caption\"><div class=\"fg-caption-inner\"><div class=\"fg-caption-title\">OLYMPUS DIGITAL CAMERA<\/div><\/div><\/figcaption><\/figure><div class=\"fg-loader\"><\/div><\/div><div class=\"fg-item fg-type-image fg-idle\"><figure class=\"fg-item-inner\"><a href=\"https:\/\/www.lesoptimistes.top\/wp-content\/uploads\/2016\/04\/w-P1050142.jpg\" data-attachment-id=\"120\" rel=\"lightbox[72]\" data-type=\"image\" class=\"fg-thumb\"><span class=\"fg-image-wrap\"><img decoding=\"async\" width=\"250\" height=\"200\" class=\"skip-lazy fg-image\" data-src-fg=\"https:\/\/www.lesoptimistes.top\/wp-content\/uploads\/cache\/2016\/04\/w-P1050142\/478225804.jpg\" src=\"data:image\/svg+xml,%3Csvg%20xmlns%3D%22http%3A%2F%2Fwww.w3.org%2F2000%2Fsvg%22%20width%3D%22250%22%20height%3D%22200%22%20viewBox%3D%220%200%20250%20200%22%3E%3C%2Fsvg%3E\" loading=\"eager\"><\/span><span class=\"fg-image-overlay\"><\/span><\/a><figcaption class=\"fg-caption\"><div class=\"fg-caption-inner\"><\/div><\/figcaption><\/figure><div class=\"fg-loader\"><\/div><\/div>    <\/div>\r\n<\/div>\r\n\n","protected":false},"excerpt":{"rendered":"<p>\u00ab NAGER EN MER ROUGE AVEC LES DAUPHINS SAUVAGES \u00bb , Juillet 2015 Un groupe de 16 personnes, enfants, parents, accompagnants habit\u00e9s par le m\u00eame&#8230;<\/p>\n","protected":false},"author":1,"featured_media":0,"parent":0,"menu_order":0,"comment_status":"closed","ping_status":"closed","template":"","meta":{"footnotes":""},"class_list":["post-79","page","type-page","status-publish","hentry"],"_links":{"self":[{"href":"https:\/\/www.lesoptimistes.top\/index.php\/wp-json\/wp\/v2\/pages\/79","targetHints":{"allow":["GET"]}}],"collection":[{"href":"https:\/\/www.lesoptimistes.top\/index.php\/wp-json\/wp\/v2\/pages"}],"about":[{"href":"https:\/\/www.lesoptimistes.top\/index.php\/wp-json\/wp\/v2\/types\/page"}],"author":[{"embeddable":true,"href":"https:\/\/www.lesoptimistes.top\/index.php\/wp-json\/wp\/v2\/users\/1"}],"replies":[{"embeddable":true,"href":"https:\/\/www.lesoptimistes.top\/index.php\/wp-json\/wp\/v2\/comments?post=79"}],"version-history":[{"count":4,"href":"https:\/\/www.lesoptimistes.top\/index.php\/wp-json\/wp\/v2\/pages\/79\/revisions"}],"predecessor-version":[{"id":505,"href":"https:\/\/www.lesoptimistes.top\/index.php\/wp-json\/wp\/v2\/pages\/79\/revisions\/505"}],"wp:attachment":[{"href":"https:\/\/www.lesoptimistes.top\/index.php\/wp-json\/wp\/v2\/media?parent=79"}],"curies":[{"name":"wp","href":"https:\/\/api.w.org\/{rel}","templated":true}]}}